{"id":1267,"date":"2024-05-06T15:52:14","date_gmt":"2024-05-06T18:52:14","guid":{"rendered":"https:\/\/edtalp-bue.infd.edu.ar\/sitio\/?page_id=1267"},"modified":"2026-03-17T10:10:04","modified_gmt":"2026-03-17T13:10:04","slug":"compania-de-arte-folklorico-institucional-cafi","status":"publish","type":"page","link":"https:\/\/edtalp-bue.infd.edu.ar\/sitio\/compania-de-arte-folklorico-institucional-cafi\/","title":{"rendered":"COMPA\u00d1IA DE ARTE FOLKL\u00d3RICO INSTITUCIONAL (CAFI)"},"content":{"rendered":"\n<p>La <strong>Compa\u00f1\u00eda de Arte Folkl\u00f3rico Institucional<\/strong> (CAFI) est\u00e1 a cargo de una Direcci\u00f3n y dos asistencias coreogr\u00e1ficas, una en danza folklore y una en danza tango. Su cuerpo estable se compone de estudiantes, egresadxs y docentes de la Escuela de Danzas Tradicionales Argentinas \u201cJos\u00e9 Hern\u00e1ndez\u201d.<\/p>\n\n\n\n<p>Es un organismo de representaci\u00f3n institucional que propone integrar conocimientos trabajados en los diferentes espacios curriculares de las tres carreras de la instituci\u00f3n y vincularlos al campo de la producci\u00f3n art\u00edstica, ofreciendo un espacio de formaci\u00f3n en relaci\u00f3n a lo esc\u00e9nico y tambi\u00e9n configur\u00e1ndose como un lugar de encuentro y participaci\u00f3n integrador de toda la comunidad de la EDTA.&nbsp;<\/p>\n\n\n\n<p>Las producciones que se construyen a partir del trabajo cont\u00ednuo de los ensayos se ponen en escena en distintos eventos organizados por la escuela como as\u00ed tambi\u00e9n en variadas invitaciones que la CAFI recibe en relaci\u00f3n a celebraciones y festividades de la comunidad.<\/p>\n\n\n\n<p>El proyecto de la Compa\u00f1\u00eda se renueva cada dos a\u00f1os mediante el mecanismo de concurso por Dif\u00edcil Cobertura.<br><br>Actualmente la CAFI est\u00e1 integrada por:<br><strong>Directora:<\/strong>\u00a0Soledad P\u00e9rez<br><strong>Asistencia coreogr\u00e1fica en Danzas Folkl\u00f3ricas:<\/strong>\u00a0Mar\u00eda Gisele Acosta<br><strong>Asistente coreogr\u00e1fica en Danza Tango:<\/strong>\u00a0Yael Naum Candelaria Rodr\u00edguez Falasco.<\/p>\n\n\n\n<p><\/p>\n\n\n\n<figure class=\"wp-block-gallery has-nested-images columns-default is-cropped wp-block-gallery-1 is-layout-flex\">\n<figure class=\"wp-block-image size-medium\"><img decoding=\"async\" loading=\"lazy\" width=\"1802\" height=\"1014\" data-id=\"2489\"  src=\"https:\/\/edtalp-bue.infd.edu.ar\/sitio\/wp-content\/uploads\/2026\/03\/DSC07562-WEB-edited-1.jpg\" alt=\"\" class=\"wp-image-2489\" srcset=\"https:\/\/edtalp-bue.infd.edu.ar\/sitio\/wp-content\/uploads\/2026\/03\/DSC07562-WEB-edited-1.jpg 1802w, https:\/\/edtalp-bue.infd.edu.ar\/sitio\/wp-content\/uploads\/2026\/03\/DSC07562-WEB-edited-1-1000x563.jpg 1000w, https:\/\/edtalp-bue.infd.edu.ar\/sitio\/wp-content\/uploads\/2026\/03\/DSC07562-WEB-edited-1-768x432.jpg 768w, https:\/\/edtalp-bue.infd.edu.ar\/sitio\/wp-content\/uploads\/2026\/03\/DSC07562-WEB-edited-1-1536x864.jpg 1536w\" sizes=\"(max-width: 1802px) 100vw, 1802px\" \/><\/figure>\n<\/figure>\n\n\n\n<figure class=\"wp-block-gallery has-nested-images columns-default is-cropped wp-block-gallery-3 is-layout-flex\">\n<figure class=\"wp-block-image size-large\"><img decoding=\"async\" loading=\"lazy\" width=\"1900\" height=\"1873\" data-id=\"2484\"  src=\"https:\/\/edtalp-bue.infd.edu.ar\/sitio\/wp-content\/uploads\/2026\/03\/DSC07665-WEB-1900x1873.jpg\" alt=\"\" class=\"wp-image-2484\" srcset=\"https:\/\/edtalp-bue.infd.edu.ar\/sitio\/wp-content\/uploads\/2026\/03\/DSC07665-WEB-1900x1873.jpg 1900w, https:\/\/edtalp-bue.infd.edu.ar\/sitio\/wp-content\/uploads\/2026\/03\/DSC07665-WEB-1000x986.jpg 1000w, https:\/\/edtalp-bue.infd.edu.ar\/sitio\/wp-content\/uploads\/2026\/03\/DSC07665-WEB-768x757.jpg 768w, https:\/\/edtalp-bue.infd.edu.ar\/sitio\/wp-content\/uploads\/2026\/03\/DSC07665-WEB-1536x1514.jpg 1536w, https:\/\/edtalp-bue.infd.edu.ar\/sitio\/wp-content\/uploads\/2026\/03\/DSC07665-WEB.jpg 2000w\" sizes=\"(max-width: 1900px) 100vw, 1900px\" \/><\/figure>\n\n\n\n<figure class=\"wp-block-image size-large\"><img decoding=\"async\" loading=\"lazy\" width=\"1873\" height=\"1900\" data-id=\"2487\"  src=\"https:\/\/edtalp-bue.infd.edu.ar\/sitio\/wp-content\/uploads\/2026\/03\/Copia-de-_NFZ0719-WEB-1873x1900.jpg\" alt=\"\" class=\"wp-image-2487\" srcset=\"https:\/\/edtalp-bue.infd.edu.ar\/sitio\/wp-content\/uploads\/2026\/03\/Copia-de-_NFZ0719-WEB-1873x1900.jpg 1873w, https:\/\/edtalp-bue.infd.edu.ar\/sitio\/wp-content\/uploads\/2026\/03\/Copia-de-_NFZ0719-WEB-986x1000.jpg 986w, https:\/\/edtalp-bue.infd.edu.ar\/sitio\/wp-content\/uploads\/2026\/03\/Copia-de-_NFZ0719-WEB-768x779.jpg 768w, https:\/\/edtalp-bue.infd.edu.ar\/sitio\/wp-content\/uploads\/2026\/03\/Copia-de-_NFZ0719-WEB-1514x1536.jpg 1514w, https:\/\/edtalp-bue.infd.edu.ar\/sitio\/wp-content\/uploads\/2026\/03\/Copia-de-_NFZ0719-WEB.jpg 2003w\" sizes=\"(max-width: 1873px) 100vw, 1873px\" \/><\/figure>\n\n\n\n<figure class=\"wp-block-image size-full\"><img decoding=\"async\" loading=\"lazy\" width=\"828\" height=\"550\" data-id=\"2485\"  src=\"https:\/\/edtalp-bue.infd.edu.ar\/sitio\/wp-content\/uploads\/2026\/03\/IMG_5701.jpeg\" alt=\"\" class=\"wp-image-2485\" srcset=\"https:\/\/edtalp-bue.infd.edu.ar\/sitio\/wp-content\/uploads\/2026\/03\/IMG_5701.jpeg 828w, https:\/\/edtalp-bue.infd.edu.ar\/sitio\/wp-content\/uploads\/2026\/03\/IMG_5701-768x510.jpeg 768w\" sizes=\"(max-width: 828px) 100vw, 828px\" \/><\/figure>\n<\/figure>\n\n\n\n<figure class=\"wp-block-gallery has-nested-images columns-default is-cropped wp-block-gallery-5 is-layout-flex\">\n<figure class=\"wp-block-image size-large\"><img decoding=\"async\" loading=\"lazy\" width=\"1280\" height=\"854\" data-id=\"1469\"  src=\"https:\/\/edtalp-bue.infd.edu.ar\/sitio\/wp-content\/uploads\/2024\/05\/cafi-flyer-3.jpg\" alt=\"\" class=\"wp-image-1469\" srcset=\"https:\/\/edtalp-bue.infd.edu.ar\/sitio\/wp-content\/uploads\/2024\/05\/cafi-flyer-3.jpg 1280w, https:\/\/edtalp-bue.infd.edu.ar\/sitio\/wp-content\/uploads\/2024\/05\/cafi-flyer-3-1000x667.jpg 1000w, https:\/\/edtalp-bue.infd.edu.ar\/sitio\/wp-content\/uploads\/2024\/05\/cafi-flyer-3-768x512.jpg 768w\" sizes=\"(max-width: 1280px) 100vw, 1280px\" \/><\/figure>\n\n\n\n<figure class=\"wp-block-image size-large\"><img decoding=\"async\" loading=\"lazy\" width=\"1900\" height=\"1425\" data-id=\"1471\"  src=\"https:\/\/edtalp-bue.infd.edu.ar\/sitio\/wp-content\/uploads\/2024\/05\/20181221_124435-1900x1425.jpg\" alt=\"\" class=\"wp-image-1471\" srcset=\"https:\/\/edtalp-bue.infd.edu.ar\/sitio\/wp-content\/uploads\/2024\/05\/20181221_124435-1900x1425.jpg 1900w, https:\/\/edtalp-bue.infd.edu.ar\/sitio\/wp-content\/uploads\/2024\/05\/20181221_124435-1000x750.jpg 1000w, https:\/\/edtalp-bue.infd.edu.ar\/sitio\/wp-content\/uploads\/2024\/05\/20181221_124435-768x576.jpg 768w, https:\/\/edtalp-bue.infd.edu.ar\/sitio\/wp-content\/uploads\/2024\/05\/20181221_124435-1536x1152.jpg 1536w, https:\/\/edtalp-bue.infd.edu.ar\/sitio\/wp-content\/uploads\/2024\/05\/20181221_124435-2048x1536.jpg 2048w\" sizes=\"(max-width: 1900px) 100vw, 1900px\" \/><\/figure>\n\n\n\n<figure class=\"wp-block-image size-large\"><img decoding=\"async\" loading=\"lazy\" width=\"1756\" height=\"1900\" data-id=\"1470\"  src=\"https:\/\/edtalp-bue.infd.edu.ar\/sitio\/wp-content\/uploads\/2024\/05\/CAFI-FOTOS-1756x1900.jpg\" alt=\"\" class=\"wp-image-1470\" srcset=\"https:\/\/edtalp-bue.infd.edu.ar\/sitio\/wp-content\/uploads\/2024\/05\/CAFI-FOTOS-1756x1900.jpg 1756w, https:\/\/edtalp-bue.infd.edu.ar\/sitio\/wp-content\/uploads\/2024\/05\/CAFI-FOTOS-924x1000.jpg 924w, https:\/\/edtalp-bue.infd.edu.ar\/sitio\/wp-content\/uploads\/2024\/05\/CAFI-FOTOS-768x831.jpg 768w, https:\/\/edtalp-bue.infd.edu.ar\/sitio\/wp-content\/uploads\/2024\/05\/CAFI-FOTOS-1420x1536.jpg 1420w, https:\/\/edtalp-bue.infd.edu.ar\/sitio\/wp-content\/uploads\/2024\/05\/CAFI-FOTOS-1893x2048.jpg 1893w\" sizes=\"(max-width: 1756px) 100vw, 1756px\" \/><\/figure>\n<\/figure>\n\n\n\n<figure class=\"wp-block-embed is-type-video is-provider-youtube wp-block-embed-youtube wp-embed-aspect-16-9 wp-has-aspect-ratio\"><div class=\"wp-block-embed__wrapper\">\n<iframe loading=\"lazy\" title=\"&quot;DEL HECHO AL DICHO&quot; - COMPA\u00d1\u00cdA DE ARTE FOLKL\u00d3RICO INSTITUCIONAL Y ORQUESTA CRIOLLA INSTITUCIONAL\" width=\"1200\" height=\"675\" src=\"https:\/\/www.youtube.com\/embed\/CrqiZg41zno?feature=oembed\" frameborder=\"0\" allow=\"accelerometer; autoplay; clipboard-write; encrypted-media; gyroscope; picture-in-picture; web-share\" referrerpolicy=\"strict-origin-when-cross-origin\" allowfullscreen><\/iframe>\n<\/div><\/figure>\n","protected":false},"excerpt":{"rendered":"<p>La Compa\u00f1\u00eda de Arte Folkl\u00f3rico Institucional (CAFI) est\u00e1 a cargo de una Direcci\u00f3n y dos asistencias coreogr\u00e1ficas, una en danza folklore y una en danza tango. Su cuerpo estable se compone de estudiantes, egresadxs y docentes de la Escuela de Danzas Tradicionales Argentinas \u201cJos\u00e9 Hern\u00e1ndez\u201d. Es un organismo de representaci\u00f3n institucional que propone integrar conocimientos &#8230; <a title=\"COMPA\u00d1IA DE ARTE FOLKL\u00d3RICO INSTITUCIONAL (CAFI)\" class=\"read-more\" href=\"https:\/\/edtalp-bue.infd.edu.ar\/sitio\/compania-de-arte-folklorico-institucional-cafi\/\" aria-label=\"More on COMPA\u00d1IA DE ARTE FOLKL\u00d3RICO INSTITUCIONAL (CAFI)\">[+]<\/a><\/p>\n","protected":false},"author":14,"featured_media":0,"parent":0,"menu_order":0,"comment_status":"closed","ping_status":"closed","template":"","meta":[],"acf":[],"_links":{"self":[{"href":"https:\/\/edtalp-bue.infd.edu.ar\/sitio\/wp-json\/wp\/v2\/pages\/1267"}],"collection":[{"href":"https:\/\/edtalp-bue.infd.edu.ar\/sitio\/wp-json\/wp\/v2\/pages"}],"about":[{"href":"https:\/\/edtalp-bue.infd.edu.ar\/sitio\/wp-json\/wp\/v2\/types\/page"}],"author":[{"embeddable":true,"href":"https:\/\/edtalp-bue.infd.edu.ar\/sitio\/wp-json\/wp\/v2\/users\/14"}],"replies":[{"embeddable":true,"href":"https:\/\/edtalp-bue.infd.edu.ar\/sitio\/wp-json\/wp\/v2\/comments?post=1267"}],"version-history":[{"count":4,"href":"https:\/\/edtalp-bue.infd.edu.ar\/sitio\/wp-json\/wp\/v2\/pages\/1267\/revisions"}],"predecessor-version":[{"id":2490,"href":"https:\/\/edtalp-bue.infd.edu.ar\/sitio\/wp-json\/wp\/v2\/pages\/1267\/revisions\/2490"}],"wp:attachment":[{"href":"https:\/\/edtalp-bue.infd.edu.ar\/sitio\/wp-json\/wp\/v2\/media?parent=1267"}],"curies":[{"name":"wp","href":"https:\/\/api.w.org\/{rel}","templated":true}]}}