{"id":1413,"date":"2024-05-13T15:43:43","date_gmt":"2024-05-13T18:43:43","guid":{"rendered":"https:\/\/edtalp-bue.infd.edu.ar\/sitio\/?page_id=1413"},"modified":"2026-02-25T16:51:40","modified_gmt":"2026-02-25T19:51:40","slug":"contacto-2","status":"publish","type":"page","link":"https:\/\/edtalp-bue.infd.edu.ar\/sitio\/contacto-2\/","title":{"rendered":"CONTACTOS"},"content":{"rendered":"\n<p><\/p>\n\n\n\n<p style=\"font-size:24px\"><strong>SEDE INSTITUCIONAL<\/strong><\/p>\n\n\n\n<p class=\"has-medium-font-size\"><strong>Calle 17 N\u00b0 434\u00a0 (e\/ 40 y 41),\u00a0La Plata. Buenos Aires,\u00a0Argentina.<br>Tel\u00e9fono: 0221 &#8211; 424 2940<\/strong><br><em>Horario de atenci\u00f3n de lunes a viernes de <strong>8:00 a 22:00 hs<\/strong>.\u00a0<\/em><br><\/p>\n\n\n\n<p style=\"font-size:24px\"><strong>CORREOS INSTITUCIONALES<\/strong><\/p>\n\n\n\n<p class=\"has-background\" style=\"background-color:#b4b4bfa8;font-size:18px\"><strong>DIRECCI\u00d3N Y SECRETAR\u00cdA<\/strong> (para uso docente): <a rel=\"noreferrer noopener\" href=\"mailto:danzastradicionaleslaplata@abc.gob.ar\" target=\"_blank\">danzastradicionaleslaplata@abc.gob.ar<\/a><\/p>\n\n\n\n<p class=\"has-background\" style=\"background-color:#b4b4bfa8;font-size:19px\"><strong>JEFATURAS DE \u00c1REAS:<\/strong> (para uso docentes y estudiantes) <br><br><strong>Jefatura de \u00e1rea Tango<\/strong>: <a rel=\"noreferrer noopener\" href=\"mailto:edtalpjefaturatango@gmail.com\" target=\"_blank\">edtalpjefaturatango@gmail.com<\/a><strong>\u00a0\u00a0<\/strong><br><strong>Jefatura de \u00e1rea Folklore<\/strong> <a rel=\"noreferrer noopener\" href=\"mailto:edtalpjefaturafolklore@gmail.com\" target=\"_blank\">edtalpjefaturafolklore@gmail.com<\/a><strong>\u00a0\u00a0<\/strong><br><strong>Jefatura de \u00e1rea de Extensi\u00f3n<\/strong>: <a href=\"mailto:edtalpjefaturaextension@gmail.com\">edtalpjefaturaextension@gmail.com<\/a> <\/p>\n\n\n\n<p class=\"has-background\" style=\"background-color:#b4b4bfa8;font-size:19px\"><strong>DEPARTAMENTO DE APOYO T\u00c9CNICO PEDAG\u00d3GICO (EMATP)<\/strong>:  <a rel=\"noreferrer noopener\" href=\"mailto:arte.folk.laplata@gmail.com\" target=\"_blank\">arte.folk.laplata@gmail.com<\/a><\/p>\n\n\n\n<p class=\"has-background\" style=\"background-color:#b4b4bfa8;font-size:19px\"><strong>BIBLIOTECA:<\/strong> <a href=\"mailto:bibliotecaedta432@gmail.com\">bibliotecaedta432@gmail.com<\/a><\/p>\n\n\n\n<p class=\"has-background\" style=\"background-color:#b4b4bfa8;font-size:19px\"><strong>PRECEPTOR\u00cdAS:<\/strong><br><br><strong>Preceptoria Tecnicatura en Interpretaci\u00f3n y coreograf\u00eda de Tango<\/strong>: <a rel=\"noreferrer noopener\" href=\"mailto:edtalptecnicaturatango@gmail.com\" target=\"_blank\">edtalptecnicaturatango@gmail.com<\/a><strong>\u00a0<\/strong><br><strong>Preceptor\u00eda<\/strong> <strong>Tecnicatura en Danzas Folkl\u00f3ricas<\/strong>: <a rel=\"noreferrer noopener\" href=\"mailto:edtalptecnicaturafolklore@gmail.com\" target=\"_blank\">edtalptecnicaturafolklore@gmail.com<\/a><strong>\u00a0<\/strong><br><strong>Preceptor\u00eda Profesorado de Danzas Folkl\u00f3ricas<\/strong>: <a rel=\"noreferrer noopener\" href=\"mailto:edtalpprofesoradofolklore@gmail.com\" target=\"_blank\">edtalpprofesoradofolklore@gmail.com<\/a><strong>\u00a0<\/strong><\/p>\n\n\n\n<p class=\"has-background\" style=\"background-color:#b4b4bfa8;font-size:19px\"><strong>ASOCIACI\u00d3N COOPERADORA<\/strong>: <a rel=\"noreferrer noopener\" href=\"mailto:cooperadoraEDTA@gmail.com\" target=\"_blank\">cooperadoraedta@gmail.com<\/a><strong>\u00a0<\/strong><\/p>\n\n\n\n<p class=\"has-background\" style=\"background-color:#b4b4bfa8;font-size:19px\"><strong>COMPA\u00d1\u00cdA DE ARTE FOLKL\u00d3RICO INSTITUCIONAL<\/strong>: <a rel=\"noreferrer noopener\" href=\"mailto:cafiedta@gmail.com\" target=\"_blank\">cafiedta@gmail.com<\/a><\/p>\n\n\n\n<p>               <\/p>\n\n\n\n<div class=\"wp-block-group alignwide is-vertical is-content-justification-center is-layout-flex wp-container-2\">\n<p class=\"has-text-align-center has-large-font-size\"><strong><em>\u00a1Seguinos en nuestras redes!<\/em><\/strong><\/p>\n\n\n\n<div class=\"wp-block-group alignwide is-content-justification-center is-nowrap is-layout-flex wp-container-1\"><div class=\"wp-block-image is-style-default\">\n<figure class=\"aligncenter size-large is-resized\"><a href=\"http:\/\/www.instagram.com\/edta.laplata\"><img decoding=\"async\" loading=\"lazy\" src=\"https:\/\/edtalp-bue.infd.edu.ar\/sitio\/wp-content\/uploads\/2026\/02\/image.jpeg\" alt=\"\" class=\"wp-image-2404\" width=\"103\" height=\"103\"\/><\/a><\/figure><\/div>\n\n<div class=\"wp-block-image\">\n<figure class=\"aligncenter size-large is-resized\"><a href=\"https:\/\/www.facebook.com\/EDTAlaplata\"><img decoding=\"async\" loading=\"lazy\" src=\"https:\/\/edtalp-bue.infd.edu.ar\/sitio\/wp-content\/uploads\/2026\/02\/image-1.jpeg\" alt=\"\" class=\"wp-image-2405\" width=\"103\" height=\"103\"\/><\/a><\/figure><\/div>\n\n<div class=\"wp-block-image\">\n<figure class=\"aligncenter size-large is-resized\"><a href=\"https:\/\/www.youtube.com\/c\/EDTAJos\u00e9Hern\u00e1ndez\"><img decoding=\"async\" loading=\"lazy\" src=\"https:\/\/edtalp-bue.infd.edu.ar\/sitio\/wp-content\/uploads\/2026\/02\/image-2.jpeg\" alt=\"\" class=\"wp-image-2406\" width=\"103\" height=\"103\"\/><\/a><\/figure><\/div><\/div>\n<\/div>\n","protected":false},"excerpt":{"rendered":"<p>SEDE INSTITUCIONAL Calle 17 N\u00b0 434\u00a0 (e\/ 40 y 41),\u00a0La Plata. Buenos Aires,\u00a0Argentina.Tel\u00e9fono: 0221 &#8211; 424 2940Horario de atenci\u00f3n de lunes a viernes de 8:00 a 22:00 hs.\u00a0 CORREOS INSTITUCIONALES DIRECCI\u00d3N Y SECRETAR\u00cdA (para uso docente): danzastradicionaleslaplata@abc.gob.ar JEFATURAS DE \u00c1REAS: (para uso docentes y estudiantes) Jefatura de \u00e1rea Tango: edtalpjefaturatango@gmail.com\u00a0\u00a0Jefatura de \u00e1rea Folklore edtalpjefaturafolklore@gmail.com\u00a0\u00a0Jefatura de &#8230; <a title=\"CONTACTOS\" class=\"read-more\" href=\"https:\/\/edtalp-bue.infd.edu.ar\/sitio\/contacto-2\/\" aria-label=\"More on CONTACTOS\">[+]<\/a><\/p>\n","protected":false},"author":14,"featured_media":0,"parent":0,"menu_order":0,"comment_status":"closed","ping_status":"closed","template":"","meta":[],"acf":[],"_links":{"self":[{"href":"https:\/\/edtalp-bue.infd.edu.ar\/sitio\/wp-json\/wp\/v2\/pages\/1413"}],"collection":[{"href":"https:\/\/edtalp-bue.infd.edu.ar\/sitio\/wp-json\/wp\/v2\/pages"}],"about":[{"href":"https:\/\/edtalp-bue.infd.edu.ar\/sitio\/wp-json\/wp\/v2\/types\/page"}],"author":[{"embeddable":true,"href":"https:\/\/edtalp-bue.infd.edu.ar\/sitio\/wp-json\/wp\/v2\/users\/14"}],"replies":[{"embeddable":true,"href":"https:\/\/edtalp-bue.infd.edu.ar\/sitio\/wp-json\/wp\/v2\/comments?post=1413"}],"version-history":[{"count":11,"href":"https:\/\/edtalp-bue.infd.edu.ar\/sitio\/wp-json\/wp\/v2\/pages\/1413\/revisions"}],"predecessor-version":[{"id":2422,"href":"https:\/\/edtalp-bue.infd.edu.ar\/sitio\/wp-json\/wp\/v2\/pages\/1413\/revisions\/2422"}],"wp:attachment":[{"href":"https:\/\/edtalp-bue.infd.edu.ar\/sitio\/wp-json\/wp\/v2\/media?parent=1413"}],"curies":[{"name":"wp","href":"https:\/\/api.w.org\/{rel}","templated":true}]}}