{"id":1788,"date":"2025-11-03T10:53:55","date_gmt":"2025-11-03T13:53:55","guid":{"rendered":"https:\/\/edtalp-bue.infd.edu.ar\/sitio\/?page_id=1788"},"modified":"2026-02-25T18:04:56","modified_gmt":"2026-02-25T21:04:56","slug":"formularios-de-inscripcion-2","status":"publish","type":"page","link":"https:\/\/edtalp-bue.infd.edu.ar\/sitio\/formularios-de-inscripcion-2\/","title":{"rendered":"\u00a0PRE-INSCRIPCI\u00d3N A LAS CARRERAS"},"content":{"rendered":"\n<p class=\"has-text-align-center has-contrast-3-background-color has-background has-large-font-size\">&#x1f7e0;&#x1f534;&#x1f7e2; <strong>INGRESANTES 2026<\/strong> &#x1f7e2;&#x1f534;&#x1f7e0;<\/p>\n\n\n\n<p>&#x1f7e7;PROFESORADO DE DANZA (Orientaci\u00f3n en Danzas Folkloricas)<br>&#x1f7e5;TECNICATURA SUPERIOR EN DANZA FOLKL\u00d3RICA POPULAR<br>&#x1f7e9;TECNICATURA SUPERIOR EN INTERPRETACI\u00d3N Y COREOGRAF\u00cdA DE TANGO<\/p>\n\n\n\n<p class=\"has-text-align-center has-background has-medium-font-size\" style=\"background-color:#b4b4bf99\">&#x1f6d1; <strong>VACANTES 2026 COMPLETAS<\/strong> &#x1f6d1;<\/p>\n\n\n\n<p>&#x1f4dd;Si te interesa estudiar en la EDTA acercarnos tus datos &#x1f4e7; al correo de preceptor\u00eda de la carrera que elijas:<br>&#x25fe; Nombres y Apellidos,<br>&#x25fe; DNI,<br>&#x25fe; Tel\u00e9fono y<br>&#x25fe; Correo electr\u00f3nico<br>&#x25fe; Carrera y Turno.<\/p>\n\n\n\n<p>&#x1f4e7; Correos Preceptor\u00eda:<br>&#x1f7e2;Preceptoria Tecnicatura en Interpretaci\u00f3n y Coreograf\u00eda de Tango: edtalptecnicaturatango@gmail.com<br>&#x1f534;Preceptor\u00eda Tecnicatura Superior en Danza Folkl\u00f3rica Popular: edtalptecnicaturafolklore@gmail.com<br>&#x1f7e0;Preceptor\u00eda Profesorado de Danzas Folkl\u00f3ricas: edtalpprofesoradofolklore@gmail.com<\/p>\n\n\n\n<p><\/p>\n\n\n\n<p class=\"has-contrast-color has-text-color has-background has-medium-font-size\" style=\"background-color:#1f74bfa8\"><strong>ASPIRANTES QUE REALIZARON LA PRE INSCRIPCI\u00d3N POR LA PLATAFORMA SIU GUARAN\u00cd<\/strong>, <strong>COMPLETAR LA INSTANCIA 2<\/strong>:<\/p>\n\n\n\n<p class=\"has-medium-font-size\"><strong>&#x1f6d1; INSTANCIA2&#xfe0f;&#x20e3;<\/strong>: <strong>PRESENCIAL<\/strong><br>Acercate a la Escuela del <strong>a partir del 18 de Febrero<\/strong>,&nbsp; de lunes a viernes de 10 a 12 hs., de 13 a 15 hs. o de 18 a 20 hs.<br>Sede Institucional:&nbsp; calle <strong>17 N\u00b0 434<\/strong>, entre <strong>40 y 41<\/strong>, La Plata.<\/p>\n\n\n\n<p style=\"font-size:18px\">&#x1f449;&#x1f4d1; <strong>DOCUMENTACI\u00d3N A PRESENTAR dentro de un folio:&nbsp;<\/strong><br>&#x2705;<strong> Fotocopia de Documento Nacional de Identidad <\/strong>o certificado de DNI en tr\u00e1mite<br>&#x2705; <strong>Fotocopia de T\u00edtulo Secundario registrado en Provincia de Buenos Aires, Certificado de t\u00edtulo en tr\u00e1mite o&nbsp; constancia de haber finalizado el 6\u00b0 a\u00f1o del Nivel Secundario.<\/strong>&nbsp; <em>* En caso de adeudar materias la fecha m\u00e1xima para aprobarlas es agosto de 2026.&nbsp;<\/em><br>&#x2705; <strong><strong>Formulario de Inscripci\u00f3n<\/strong> resultante del tr\u00e1mite de preinscripci\u00f3n online por SIU Guaran\u00ed<\/strong>.<\/p>\n\n\n\n<p>&#x1f4e7;Consulta por correo:<br>&#x1f7e0;Profesorado de Danzas Folkl\u00f3ricas: edtalpprofesoradofolklore@gmail.com<br>&#x1f534;Tecnicatura en Danzas Folkl\u00f3ricas: edtalptecnicaturafolklore@gmail.com<br>&#x1f7e2;Tecnicatura en Tango: edtalptecnicaturatango@gmail.com<\/p>\n\n\n\n<p>&#x1f300; T\u00cdTULOS OFICIALES &#x1f300;<br>&#x1f3f5; EDUCACI\u00d3N ART\u00cdSTICA, P\u00daBLICA Y GRATUITA &#x1f3f5;.<\/p>\n\n\n\n<p><\/p>\n\n\n\n<figure class=\"wp-block-embed is-type-video is-provider-youtube wp-block-embed-youtube wp-embed-aspect-16-9 wp-has-aspect-ratio\"><div class=\"wp-block-embed__wrapper\">\n<iframe loading=\"lazy\" title=\"Tutorial de preinscripciones al Nivel Superior de la educaci\u00f3n bonaerense\" width=\"1200\" height=\"675\" src=\"https:\/\/www.youtube.com\/embed\/1sd8rDHb0nk?feature=oembed\" frameborder=\"0\" allow=\"accelerometer; autoplay; clipboard-write; encrypted-media; gyroscope; picture-in-picture; web-share\" referrerpolicy=\"strict-origin-when-cross-origin\" allowfullscreen><\/iframe>\n<\/div><\/figure>\n\n\n\n<div class=\"wp-block-columns is-layout-flex wp-container-4\">\n<div class=\"wp-block-column is-layout-flow\" style=\"flex-basis:100%\">\n<figure class=\"wp-block-gallery aligncenter has-nested-images columns-default is-cropped wp-block-gallery-1 is-layout-flex\">\n<figure class=\"wp-block-image size-full\"><img decoding=\"async\" loading=\"lazy\" width=\"1080\" height=\"1350\" src=\"https:\/\/edtalp-bue.infd.edu.ar\/sitio\/wp-content\/uploads\/2025\/12\/1.-FLYER-INGRESANTES-FEB-2026-1.png\" alt=\"\" class=\"wp-image-2344\" srcset=\"https:\/\/edtalp-bue.infd.edu.ar\/sitio\/wp-content\/uploads\/2025\/12\/1.-FLYER-INGRESANTES-FEB-2026-1.png 1080w, https:\/\/edtalp-bue.infd.edu.ar\/sitio\/wp-content\/uploads\/2025\/12\/1.-FLYER-INGRESANTES-FEB-2026-1-800x1000.png 800w, https:\/\/edtalp-bue.infd.edu.ar\/sitio\/wp-content\/uploads\/2025\/12\/1.-FLYER-INGRESANTES-FEB-2026-1-768x960.png 768w\" sizes=\"(max-width: 1080px) 100vw, 1080px\" \/><\/figure>\n\n\n\n<figure class=\"wp-block-image size-full\"><img decoding=\"async\" loading=\"lazy\" width=\"1080\" height=\"1350\" src=\"https:\/\/edtalp-bue.infd.edu.ar\/sitio\/wp-content\/uploads\/2025\/12\/2.-FLYER-INGRESANTES-FEB-2026-1.png\" alt=\"\" class=\"wp-image-2345\" srcset=\"https:\/\/edtalp-bue.infd.edu.ar\/sitio\/wp-content\/uploads\/2025\/12\/2.-FLYER-INGRESANTES-FEB-2026-1.png 1080w, https:\/\/edtalp-bue.infd.edu.ar\/sitio\/wp-content\/uploads\/2025\/12\/2.-FLYER-INGRESANTES-FEB-2026-1-800x1000.png 800w, https:\/\/edtalp-bue.infd.edu.ar\/sitio\/wp-content\/uploads\/2025\/12\/2.-FLYER-INGRESANTES-FEB-2026-1-768x960.png 768w\" sizes=\"(max-width: 1080px) 100vw, 1080px\" \/><\/figure>\n<\/figure>\n<\/div>\n<\/div>\n","protected":false},"excerpt":{"rendered":"<p>&#x1f7e0;&#x1f534;&#x1f7e2; INGRESANTES 2026 &#x1f7e2;&#x1f534;&#x1f7e0; &#x1f7e7;PROFESORADO DE DANZA (Orientaci\u00f3n en Danzas Folkloricas)&#x1f7e5;TECNICATURA SUPERIOR EN DANZA FOLKL\u00d3RICA POPULAR&#x1f7e9;TECNICATURA SUPERIOR EN INTERPRETACI\u00d3N Y COREOGRAF\u00cdA DE TANGO &#x1f6d1; VACANTES 2026 COMPLETAS &#x1f6d1; &#x1f4dd;Si te interesa estudiar en la EDTA acercarnos tus datos &#x1f4e7; al correo de preceptor\u00eda de la carrera que elijas:&#x25fe; Nombres y Apellidos,&#x25fe; DNI,&#x25fe; Tel\u00e9fono y&#x25fe; Correo &#8230; <a title=\"\u00a0PRE-INSCRIPCI\u00d3N A LAS CARRERAS\" class=\"read-more\" href=\"https:\/\/edtalp-bue.infd.edu.ar\/sitio\/formularios-de-inscripcion-2\/\" aria-label=\"More on \u00a0PRE-INSCRIPCI\u00d3N A LAS CARRERAS\">[+]<\/a><\/p>\n","protected":false},"author":14,"featured_media":0,"parent":0,"menu_order":0,"comment_status":"closed","ping_status":"closed","template":"","meta":[],"acf":[],"_links":{"self":[{"href":"https:\/\/edtalp-bue.infd.edu.ar\/sitio\/wp-json\/wp\/v2\/pages\/1788"}],"collection":[{"href":"https:\/\/edtalp-bue.infd.edu.ar\/sitio\/wp-json\/wp\/v2\/pages"}],"about":[{"href":"https:\/\/edtalp-bue.infd.edu.ar\/sitio\/wp-json\/wp\/v2\/types\/page"}],"author":[{"embeddable":true,"href":"https:\/\/edtalp-bue.infd.edu.ar\/sitio\/wp-json\/wp\/v2\/users\/14"}],"replies":[{"embeddable":true,"href":"https:\/\/edtalp-bue.infd.edu.ar\/sitio\/wp-json\/wp\/v2\/comments?post=1788"}],"version-history":[{"count":22,"href":"https:\/\/edtalp-bue.infd.edu.ar\/sitio\/wp-json\/wp\/v2\/pages\/1788\/revisions"}],"predecessor-version":[{"id":2426,"href":"https:\/\/edtalp-bue.infd.edu.ar\/sitio\/wp-json\/wp\/v2\/pages\/1788\/revisions\/2426"}],"wp:attachment":[{"href":"https:\/\/edtalp-bue.infd.edu.ar\/sitio\/wp-json\/wp\/v2\/media?parent=1788"}],"curies":[{"name":"wp","href":"https:\/\/api.w.org\/{rel}","templated":true}]}}