{"id":2396,"date":"2026-02-23T15:35:53","date_gmt":"2026-02-23T18:35:53","guid":{"rendered":"https:\/\/edtalp-bue.infd.edu.ar\/sitio\/?page_id=2396"},"modified":"2026-03-18T10:00:43","modified_gmt":"2026-03-18T13:00:43","slug":"cartelera","status":"publish","type":"page","link":"https:\/\/edtalp-bue.infd.edu.ar\/sitio\/cartelera\/","title":{"rendered":"CARTELERA"},"content":{"rendered":"\n<p class=\"has-medium-font-size\"><strong>Espacio para la\u00a0 difusi\u00f3n de proyectos laborales art\u00edsticos &#8211; pedag\u00f3gicos de estudiantes y egresadxs de la EDTA.<\/strong><\/p>\n\n\n\n<p>El siguiente formulario est\u00e1 destinado a <strong>estudiantes<\/strong> y <strong>egresades<\/strong> de la <em>Escuela de Danzas Tradicionales Argentinas de La Plata (EDTA)<\/em> que faciliten <strong>seminarios, talleres, cursos intensivos, laboratorios<\/strong>, como asi tambi\u00e9n a aquellos que\u00a0formen parte de <strong>obras<\/strong> y <strong>proyectos esc\u00e9nicos<\/strong> como int\u00e9rpretes y\/o directores\u00a0de danzas folkl\u00f3ricas\/tango\/expresi\u00f3n corporal u otras danzas en la ciudad de La Plata y alrededores.<\/p>\n\n\n\n<p>Este espacio de difusi\u00f3n y registro de talleres y producciones art\u00edsticas, se lleva a cabo mediante una acci\u00f3n conjunta con el Centro de Estudiantes Autoconvocades de la EDTA.<\/p>\n\n\n\n<p class=\"has-base-background-color has-background\" style=\"font-size:18px\">&#x1f449; <a href=\"https:\/\/docs.google.com\/forms\/d\/e\/1FAIpQLSdyMuag6XEeEvJciKWEY8hpy5UukBRyFIAFKNkJkeiMXck75A\/viewform?usp=header\" target=\"_blank\" rel=\"noreferrer noopener\">Formualario de registro de Talleres y Producciones Art\u00edsticas (destinado a estudiantes\/egresades de la EDTA<\/a>)<\/p>\n","protected":false},"excerpt":{"rendered":"<p>Espacio para la\u00a0 difusi\u00f3n de proyectos laborales art\u00edsticos &#8211; pedag\u00f3gicos de estudiantes y egresadxs de la EDTA. El siguiente formulario est\u00e1 destinado a estudiantes y egresades de la Escuela de Danzas Tradicionales Argentinas de La Plata (EDTA) que faciliten seminarios, talleres, cursos intensivos, laboratorios, como asi tambi\u00e9n a aquellos que\u00a0formen parte de obras y proyectos &#8230; <a title=\"CARTELERA\" class=\"read-more\" href=\"https:\/\/edtalp-bue.infd.edu.ar\/sitio\/cartelera\/\" aria-label=\"More on CARTELERA\">[+]<\/a><\/p>\n","protected":false},"author":14,"featured_media":0,"parent":0,"menu_order":0,"comment_status":"closed","ping_status":"closed","template":"","meta":[],"acf":[],"_links":{"self":[{"href":"https:\/\/edtalp-bue.infd.edu.ar\/sitio\/wp-json\/wp\/v2\/pages\/2396"}],"collection":[{"href":"https:\/\/edtalp-bue.infd.edu.ar\/sitio\/wp-json\/wp\/v2\/pages"}],"about":[{"href":"https:\/\/edtalp-bue.infd.edu.ar\/sitio\/wp-json\/wp\/v2\/types\/page"}],"author":[{"embeddable":true,"href":"https:\/\/edtalp-bue.infd.edu.ar\/sitio\/wp-json\/wp\/v2\/users\/14"}],"replies":[{"embeddable":true,"href":"https:\/\/edtalp-bue.infd.edu.ar\/sitio\/wp-json\/wp\/v2\/comments?post=2396"}],"version-history":[{"count":3,"href":"https:\/\/edtalp-bue.infd.edu.ar\/sitio\/wp-json\/wp\/v2\/pages\/2396\/revisions"}],"predecessor-version":[{"id":2499,"href":"https:\/\/edtalp-bue.infd.edu.ar\/sitio\/wp-json\/wp\/v2\/pages\/2396\/revisions\/2499"}],"wp:attachment":[{"href":"https:\/\/edtalp-bue.infd.edu.ar\/sitio\/wp-json\/wp\/v2\/media?parent=2396"}],"curies":[{"name":"wp","href":"https:\/\/api.w.org\/{rel}","templated":true}]}}