{"id":805,"date":"2022-05-23T18:04:53","date_gmt":"2022-05-23T21:04:53","guid":{"rendered":"https:\/\/edtalp-bue.infd.edu.ar\/sitio\/?page_id=805"},"modified":"2025-07-11T11:25:20","modified_gmt":"2025-07-11T14:25:20","slug":"autoridades","status":"publish","type":"page","link":"https:\/\/edtalp-bue.infd.edu.ar\/sitio\/organizacion-institucional\/autoridades\/","title":{"rendered":"EQUIPO DE CONDUCCI\u00d3N"},"content":{"rendered":"\n<p><strong>DIRECTORA:<\/strong> Prof.&nbsp;Laura Solari<\/p>\n\n\n\n<p><strong>VICEDIRECTORA:<\/strong>&nbsp;Prof.Roc\u00edo Alarc\u00f3n<\/p>\n\n\n\n<p><strong>SECRETARIA<\/strong>: Prof. Mercedes S\u00e1nchez<\/p>\n\n\n\n<p><strong>JEFA DE \u00c1REA FOLKLORE:<\/strong>&nbsp;Prof. Magdalena G\u00f3mez<\/p>\n\n\n\n<p><strong>JEFA DE \u00c1REA TANGO :<\/strong>&nbsp;Prof. Pilar Izzi<\/p>\n\n\n\n<p><strong>JEFA DE \u00c1REA EXTENSI\u00d3N :\u00a0<\/strong>Prof. Miriam Rizzuto<\/p>\n","protected":false},"excerpt":{"rendered":"<p>DIRECTORA: Prof.&nbsp;Laura Solari VICEDIRECTORA:&nbsp;Prof.Roc\u00edo Alarc\u00f3n SECRETARIA: Prof. Mercedes S\u00e1nchez JEFA DE \u00c1REA FOLKLORE:&nbsp;Prof. Magdalena G\u00f3mez JEFA DE \u00c1REA TANGO :&nbsp;Prof. Pilar Izzi JEFA DE \u00c1REA EXTENSI\u00d3N :\u00a0Prof. Miriam Rizzuto<\/p>\n","protected":false},"author":14,"featured_media":0,"parent":725,"menu_order":1,"comment_status":"closed","ping_status":"closed","template":"","meta":[],"acf":[],"_links":{"self":[{"href":"https:\/\/edtalp-bue.infd.edu.ar\/sitio\/wp-json\/wp\/v2\/pages\/805"}],"collection":[{"href":"https:\/\/edtalp-bue.infd.edu.ar\/sitio\/wp-json\/wp\/v2\/pages"}],"about":[{"href":"https:\/\/edtalp-bue.infd.edu.ar\/sitio\/wp-json\/wp\/v2\/types\/page"}],"author":[{"embeddable":true,"href":"https:\/\/edtalp-bue.infd.edu.ar\/sitio\/wp-json\/wp\/v2\/users\/14"}],"replies":[{"embeddable":true,"href":"https:\/\/edtalp-bue.infd.edu.ar\/sitio\/wp-json\/wp\/v2\/comments?post=805"}],"version-history":[{"count":8,"href":"https:\/\/edtalp-bue.infd.edu.ar\/sitio\/wp-json\/wp\/v2\/pages\/805\/revisions"}],"predecessor-version":[{"id":2168,"href":"https:\/\/edtalp-bue.infd.edu.ar\/sitio\/wp-json\/wp\/v2\/pages\/805\/revisions\/2168"}],"up":[{"embeddable":true,"href":"https:\/\/edtalp-bue.infd.edu.ar\/sitio\/wp-json\/wp\/v2\/pages\/725"}],"wp:attachment":[{"href":"https:\/\/edtalp-bue.infd.edu.ar\/sitio\/wp-json\/wp\/v2\/media?parent=805"}],"curies":[{"name":"wp","href":"https:\/\/api.w.org\/{rel}","templated":true}]}}